{"id":243,"date":"2025-07-02T21:17:32","date_gmt":"2025-07-02T19:17:32","guid":{"rendered":"http:\/\/localhost\/proyecto_n\/wordpress\/?page_id=243"},"modified":"2025-07-10T00:12:42","modified_gmt":"2025-07-09T22:12:42","slug":"resena-historica","status":"publish","type":"page","link":"https:\/\/web.mingobierno.gob.bo\/?page_id=243","title":{"rendered":"Rese\u00f1a Hist\u00f3rica"},"content":{"rendered":"\n<style>\n  .shadow-effect {\n    transition: all 0.3s ease;\n    text-align: justify;\n    padding: 15px;\n    border-radius: 8px;\n    box-shadow: 0 4px 6px rgba(0, 0, 0, 0.1);\n  }\n  .shadow-effect:hover {\n    box-shadow: 0 10px 20px rgba(0, 0, 0, 0.2);\n    transform: translateY(-5px);\n  }\n<\/style>\n\n<p class=\"shadow-effect\">\n\nEl <strong>Ministerio de Gobierno<\/strong> es una de las carteras m\u00e1s antiguas y estrat\u00e9gicas del \u00d3rgano Ejecutivo boliviano. Su origen se remonta a los primeros a\u00f1os de la Rep\u00fablica. En 1826, bajo la presidencia de Antonio Jos\u00e9 de Sucre, se establecieron las primeras estructuras ministeriales del nuevo Estado, entre ellas la del <strong>Ministerio del Interior<\/strong>, antecesor directo del actual Ministerio de Gobierno.\n<br>\n<br>\nDurante gran parte del siglo XIX y principios del XX, esta instituci\u00f3n fue conocida como el <strong>Ministerio de Gobierno, Justicia y Culto<\/strong>, teniendo bajo su competencia temas relacionados con la administraci\u00f3n interna, la seguridad p\u00fablica, el r\u00e9gimen penitenciario, el orden p\u00fablico, las relaciones eclesi\u00e1sticas y otros aspectos esenciales del funcionamiento del Estado.\n<br>\n<br>\nCon el paso del tiempo, el Ministerio fue cambiando de denominaci\u00f3n y competencias, adapt\u00e1ndose a las necesidades sociales y pol\u00edticas del pa\u00eds. A mediados del siglo XX, se consolid\u00f3 como el <strong>Ministerio de Gobierno<\/strong>, concentrando sus funciones principalmente en <strong>la seguridad interna<\/strong>, el <strong>orden p\u00fablico<\/strong>, el <strong>control migratorio<\/strong>, el <strong>r\u00e9gimen penitenciario<\/strong>, el <strong>registro civil<\/strong>, y el <strong>control de armas<\/strong>.\n<br>\n<br>\nTras la aprobaci\u00f3n de la <strong>Constituci\u00f3n Pol\u00edtica del Estado de 2009<\/strong>, y la transformaci\u00f3n del pa\u00eds en un Estado Plurinacional, el Ministerio reafirm\u00f3 su papel como entidad encargada de la <strong>convivencia pac\u00edfica<\/strong>, la <strong>seguridad ciudadana<\/strong>, y la <strong>coordinaci\u00f3n con la Polic\u00eda Boliviana<\/strong>, adem\u00e1s de liderar pol\u00edticas de lucha contra el narcotr\u00e1fico, la trata y tr\u00e1fico de personas y la delincuencia organizada.\n<br>\n<br>\nHoy, el Ministerio de Gobierno es una instituci\u00f3n clave en la estructura estatal, que tiene como misi\u00f3n garantizar el ejercicio de los derechos fundamentales, la seguridad integral y la gobernabilidad democr\u00e1tica, a trav\u00e9s de pol\u00edticas de prevenci\u00f3n, control, y coordinaci\u00f3n con entidades p\u00fablicas y sociales.<\/p>\n\n","protected":false},"excerpt":{"rendered":"<p>El Ministerio de Gobierno es una de las carteras m\u00e1s antiguas y estrat\u00e9gicas del \u00d3rgano Ejecutivo boliviano. Su origen se remonta a los primeros a\u00f1os de la Rep\u00fablica. En 1826, bajo la presidencia de Antonio Jos\u00e9 de Sucre, se establecieron las primeras estructuras ministeriales del nuevo Estado, entre ellas la del Ministerio del Interior, antecesor [&hellip;]<\/p>\n","protected":false},"author":1,"featured_media":0,"parent":0,"menu_order":0,"comment_status":"closed","ping_status":"closed","template":"","meta":{"_acf_changed":false,"footnotes":""},"class_list":["post-243","page","type-page","status-publish","hentry"],"acf":[],"_links":{"self":[{"href":"https:\/\/web.mingobierno.gob.bo\/index.php?rest_route=\/wp\/v2\/pages\/243","targetHints":{"allow":["GET"]}}],"collection":[{"href":"https:\/\/web.mingobierno.gob.bo\/index.php?rest_route=\/wp\/v2\/pages"}],"about":[{"href":"https:\/\/web.mingobierno.gob.bo\/index.php?rest_route=\/wp\/v2\/types\/page"}],"author":[{"embeddable":true,"href":"https:\/\/web.mingobierno.gob.bo\/index.php?rest_route=\/wp\/v2\/users\/1"}],"replies":[{"embeddable":true,"href":"https:\/\/web.mingobierno.gob.bo\/index.php?rest_route=%2Fwp%2Fv2%2Fcomments&post=243"}],"version-history":[{"count":24,"href":"https:\/\/web.mingobierno.gob.bo\/index.php?rest_route=\/wp\/v2\/pages\/243\/revisions"}],"predecessor-version":[{"id":368,"href":"https:\/\/web.mingobierno.gob.bo\/index.php?rest_route=\/wp\/v2\/pages\/243\/revisions\/368"}],"wp:attachment":[{"href":"https:\/\/web.mingobierno.gob.bo\/index.php?rest_route=%2Fwp%2Fv2%2Fmedia&parent=243"}],"curies":[{"name":"wp","href":"https:\/\/api.w.org\/{rel}","templated":true}]}}