{"id":135,"date":"2025-07-01T18:45:52","date_gmt":"2025-07-01T16:45:52","guid":{"rendered":"http:\/\/localhost\/proyecto_n\/wordpress\/?page_id=135"},"modified":"2025-07-10T15:31:09","modified_gmt":"2025-07-10T13:31:09","slug":"objetivos-institucionales","status":"publish","type":"page","link":"https:\/\/web.mingobierno.gob.bo\/?page_id=135","title":{"rendered":"Objetivos Institucionales"},"content":{"rendered":"\n<h3 class=\"wp-block-heading\">OBJETIVOS ESTRAT\u00c9GICOS<\/h3>\n\n\n\n<style>\n  .modern-card {\n    list-style: none;\n    padding: 0;\n    max-width: 800px;\n    margin: 0 auto;\n    font-family: 'Arial', sans-serif;\n  }\n  \n  .modern-card li {\n    background: linear-gradient(145deg, #ffffff, #f0f0f0);\n    padding: 20px 25px;\n    margin-bottom: 15px;\n    border-radius: 10px;\n    box-shadow: 0 4px 15px rgba(0, 0, 0, 0.1);\n    transition: all 0.3s ease;\n    position: relative;\n    overflow: hidden;\n    border-left: 5px solid #4a6bff;\n  }\n  \n  .modern-card li:hover {\n    transform: translateY(-5px);\n    box-shadow: 0 8px 25px rgba(0, 0, 0, 0.15);\n    border-left: 5px solid #ff6b4a;\n  }\n  \n  .modern-card li::after {\n    content: '';\n    position: absolute;\n    top: 0;\n    left: 0;\n    width: 100%;\n    height: 100%;\n    background: linear-gradient(90deg, rgba(74,107,255,0.1) 0%, rgba(255,255,255,0) 100%);\n    transform: translateX(-100%);\n    transition: transform 0.6s ease;\n  }\n  \n  .modern-card li:hover::after {\n    transform: translateX(100%);\n  }\n  \n  @keyframes fadeIn {\n    from { opacity: 0; transform: translateY(20px); }\n    to { opacity: 1; transform: translateY(0); }\n  }\n  \n  .modern-card li {\n    animation: fadeIn 0.6s ease forwards;\n    opacity: 0;\n  }\n  \n  .modern-card li:nth-child(1) { animation-delay: 0.1s; }\n  .modern-card li:nth-child(2) { animation-delay: 0.3s; }\n  .modern-card li:nth-child(3) { animation-delay: 0.5s; }\n  .modern-card li:nth-child(4) { animation-delay: 0.7s; }\n<\/style>\n\n<ul class=\"modern-card\">\n  <li>Reestructurar, modernizar y fortalecer el Ministerio de Gobierno.<\/li>\n  <li>Establecer canales de relacionamiento y participaci\u00f3n de la sociedad para la seguridad interna con corresponsabilidad y control social.<\/li>\n  <li>Desarrollar una estrategia comunicacional, para generar opini\u00f3n p\u00fablica y conciencia social de cambio en torno a la problem\u00e1tica de la Seguridad Interna.<\/li>\n  <li>Estructurar redes institucionales para la prevenci\u00f3n del conflicto y del delito.<\/li>\n<\/ul>\n\n\n\n<h3 class=\"wp-block-heading\">OBJETIVOS DE GESTI\u00d3N<\/h3>\n\n\n\n<style>\n  .wp-block-list {\n    list-style: none;\n    padding: 0;\n    max-width: 800px;\n    margin: 0 auto;\n    font-family: 'Arial', sans-serif;\n  }\n  \n  .wp-block-list li {\n    background: linear-gradient(145deg, #ffffff, #f0f0f0);\n    padding: 20px 25px;\n    margin-bottom: 15px;\n    border-radius: 10px;\n    box-shadow: 0 4px 15px rgba(0, 0, 0, 0.1);\n    transition: all 0.3s ease;\n    position: relative;\n    overflow: hidden;\n    border-left: 5px solid #4a6bff;\n  }\n  \n  .wp-block-list li:hover {\n    transform: translateY(-5px);\n    box-shadow: 0 8px 25px rgba(0, 0, 0, 0.15);\n    border-left: 5px solid #ff6b4a;\n  }\n  \n  .wp-block-list li::after {\n    content: '';\n    position: absolute;\n    top: 0;\n    left: 0;\n    width: 100%;\n    height: 100%;\n    background: linear-gradient(90deg, rgba(74,107,255,0.1) 0%, rgba(255,255,255,0) 100%);\n    transform: translateX(-100%);\n    transition: transform 0.6s ease;\n  }\n  \n  .wp-block-list li:hover::after {\n    transform: translateX(100%);\n  }\n  \n  @keyframes fadeIn {\n    from { opacity: 0; transform: translateY(20px); }\n    to { opacity: 1; transform: translateY(0); }\n  }\n  \n  .wp-block-list li {\n    animation: fadeIn 0.6s ease forwards;\n    opacity: 0;\n  }\n  \n  .wp-block-list li:nth-child(1) { animation-delay: 0.1s; }\n  .wp-block-list li:nth-child(2) { animation-delay: 0.2s; }\n  .wp-block-list li:nth-child(3) { animation-delay: 0.3s; }\n  .wp-block-list li:nth-child(4) { animation-delay: 0.4s; }\n  .wp-block-list li:nth-child(5) { animation-delay: 0.5s; }\n  .wp-block-list li:nth-child(6) { animation-delay: 0.6s; }\n  .wp-block-list li:nth-child(7) { animation-delay: 0.7s; }\n  .wp-block-list li:nth-child(8) { animation-delay: 0.8s; }\n  .wp-block-list li:nth-child(9) { animation-delay: 0.9s; }\n  .wp-block-list li:nth-child(10) { animation-delay: 1.0s; }\n  .wp-block-list li:nth-child(11) { animation-delay: 1.1s; }\n<\/style>\n\n<ul class=\"wp-block-list\">\n  <li>Fortalecer las capacidades t\u00e9cnicas y operativas del Ministerio de Gobierno, para una gesti\u00f3n institucional eficaz y eficiente.<\/li>\n  <li>Fortalecer la Seguridad Ciudadana a nivel nacional, con la participaci\u00f3n activa de las Gobernaciones, Municipios y organizaciones de base de la sociedad civil en el marco del Plan Nacional de Seguridad Ciudadana.<\/li>\n  <li>Fortalecer los mecanismos del flujo de control migratorio para dar cumplimiento a las regulaciones de entrada, permanencia y salida evitando la trata y tr\u00e1fico de personas, velando por los Derechos Humanos.<\/li>\n  <li>Eliminar la corrupci\u00f3n en la Polic\u00eda Boliviana mediante tareas de investigaci\u00f3n disciplinaria y seguimiento a casos espec\u00edficos que dirigen los Fiscales Policiales.<\/li>\n  <li>Fortalecer los mecanismos de informaci\u00f3n para posicionar la imagen institucional y la coordinaci\u00f3n con la sociedad civil.<\/li>\n  <li>Proponer pol\u00edticas e implementar acciones para la Seguridad P\u00fablica del Estado, con un enfoque preventivo del conflicto, en coordinaci\u00f3n con la Polic\u00eda Boliviana y la sociedad civil organizada.<\/li>\n  <li>Proponer pol\u00edticas e implementar acciones en R\u00e9gimen Penitenciario para la rehabilitaci\u00f3n, reinserci\u00f3n social y mejoramiento de las condiciones de vida de las personas privadas de libertad.<\/li>\n  <li>Efectuar seguimiento y verificaci\u00f3n de las situaciones de conflicto; evaluando el mismo en coordinaci\u00f3n con las instancias responsables, para orientar al Presidente del Estado Plurinacional, a trav\u00e9s de la recolecci\u00f3n de informaci\u00f3n objetiva.<\/li>\n  <li>Fortalecer log\u00edsticamente las tareas de interdicci\u00f3n, racionalizaci\u00f3n y erradicaci\u00f3n de las plantaciones excedentarias de la hoja de coca, a trav\u00e9s de los recursos asignados al Programa de Administraci\u00f3n Integral de Lucha contra el narcotr\u00e1fico.<\/li>\n  <li>Fortalecer los mecanismos de control y lucha contra el narcotr\u00e1fico, a trav\u00e9s de pol\u00edticas y estrategias de concientizaci\u00f3n y control social con base en la corresponsabilidad compartida con las organizaciones sociales productoras de coca.<\/li>\n  <li>Administrar y custodiar con transparencia los bienes incautados, decomisados y confiscados por il\u00edcitos de narcotr\u00e1fico y otros delitos de acuerdo a la legislaci\u00f3n vigente en el territorio boliviano.<\/li>\n<\/ul>\n","protected":false},"excerpt":{"rendered":"<p>OBJETIVOS ESTRAT\u00c9GICOS Reestructurar, modernizar y fortalecer el Ministerio de Gobierno. Establecer canales de relacionamiento y participaci\u00f3n de la sociedad para la seguridad interna con corresponsabilidad y control social. Desarrollar una estrategia comunicacional, para generar opini\u00f3n p\u00fablica y conciencia social de cambio en torno a la problem\u00e1tica de la Seguridad Interna. Estructurar redes institucionales para la [&hellip;]<\/p>\n","protected":false},"author":1,"featured_media":0,"parent":0,"menu_order":0,"comment_status":"closed","ping_status":"closed","template":"","meta":{"_acf_changed":false,"footnotes":""},"class_list":["post-135","page","type-page","status-publish","hentry"],"acf":[],"_links":{"self":[{"href":"https:\/\/web.mingobierno.gob.bo\/index.php?rest_route=\/wp\/v2\/pages\/135","targetHints":{"allow":["GET"]}}],"collection":[{"href":"https:\/\/web.mingobierno.gob.bo\/index.php?rest_route=\/wp\/v2\/pages"}],"about":[{"href":"https:\/\/web.mingobierno.gob.bo\/index.php?rest_route=\/wp\/v2\/types\/page"}],"author":[{"embeddable":true,"href":"https:\/\/web.mingobierno.gob.bo\/index.php?rest_route=\/wp\/v2\/users\/1"}],"replies":[{"embeddable":true,"href":"https:\/\/web.mingobierno.gob.bo\/index.php?rest_route=%2Fwp%2Fv2%2Fcomments&post=135"}],"version-history":[{"count":13,"href":"https:\/\/web.mingobierno.gob.bo\/index.php?rest_route=\/wp\/v2\/pages\/135\/revisions"}],"predecessor-version":[{"id":397,"href":"https:\/\/web.mingobierno.gob.bo\/index.php?rest_route=\/wp\/v2\/pages\/135\/revisions\/397"}],"wp:attachment":[{"href":"https:\/\/web.mingobierno.gob.bo\/index.php?rest_route=%2Fwp%2Fv2%2Fmedia&parent=135"}],"curies":[{"name":"wp","href":"https:\/\/api.w.org\/{rel}","templated":true}]}}